{"id":401,"date":"2024-01-04T12:36:23","date_gmt":"2024-01-04T11:36:23","guid":{"rendered":"https:\/\/bischoff.kaleidoskop-websites.de\/?page_id=401"},"modified":"2024-07-08T09:18:01","modified_gmt":"2024-07-08T07:18:01","slug":"outdoor-kuechen","status":"publish","type":"page","link":"https:\/\/bischoff.kaleidoskop-websites.de\/?page_id=401","title":{"rendered":"Outdoor-K\u00fcchen"},"content":{"rendered":"<p>[et_pb_section fb_built=&#8220;1&#8243; _builder_version=&#8220;4.26.0&#8243; _module_preset=&#8220;default&#8220; background_image=&#8220;https:\/\/bischoff.kaleidoskop-websites.de\/wp-content\/uploads\/2024\/07\/bischoff-leistungen-outdoorkuechen-header.jpg&#8220; background_position=&#8220;top_center&#8220; background_vertical_offset=&#8220;33%&#8220; height=&#8220;60vh&#8220; height_tablet=&#8220;60vh&#8220; height_phone=&#8220;30vh&#8220; height_last_edited=&#8220;on|phone&#8220; hover_enabled=&#8220;0&#8243; global_colors_info=&#8220;{}&#8220; title_text=&#8220;bischoff-leistungen-outdoorkuechen-header&#8220; sticky_enabled=&#8220;0&#8243;][\/et_pb_section][et_pb_section fb_built=&#8220;1&#8243; _builder_version=&#8220;4.26.0&#8243; _module_preset=&#8220;default&#8220; background_color=&#8220;RGBA(124,218,36,0)&#8220; positioning=&#8220;none&#8220; custom_margin=&#8220;-150px||||false|false&#8220; custom_margin_tablet=&#8220;-150px||||false|false&#8220; custom_margin_phone=&#8220;0px||||false|false&#8220; custom_margin_last_edited=&#8220;on|phone&#8220; custom_padding=&#8220;0px||||false|false&#8220; global_colors_info=&#8220;{}&#8220;][et_pb_row _builder_version=&#8220;4.23&#8243; _module_preset=&#8220;default&#8220; background_color=&#8220;#FFFFFF&#8220; width=&#8220;100%&#8220; max_width=&#8220;1280px&#8220; custom_padding=&#8220;0px||0px||false|false&#8220; border_radii=&#8220;off||||&#8220; border_width_top=&#8220;5px&#8220; border_color_top=&#8220;#01509E&#8220; box_shadow_style=&#8220;preset1&#8243; box_shadow_spread=&#8220;-5px&#8220; global_colors_info=&#8220;{}&#8220;][et_pb_column type=&#8220;4_4&#8243; _builder_version=&#8220;4.23&#8243; _module_preset=&#8220;default&#8220; global_colors_info=&#8220;{}&#8220;][et_pb_text _builder_version=&#8220;4.26.0&#8243; _module_preset=&#8220;default&#8220; text_font=&#8220;Montserrat||||||||&#8220; text_text_color=&#8220;#0A0908&#8243; header_font=&#8220;|800|||||||&#8220; header_font_size=&#8220;50px&#8220; background_color=&#8220;RGBA(124,218,36,0)&#8220; custom_margin=&#8220;60px|75px||75px|false|false&#8220; custom_margin_tablet=&#8220;60px|75px||75px|false|false&#8220; custom_margin_phone=&#8220;50px|10%|0px|10%|false|false&#8220; custom_margin_last_edited=&#8220;on|phone&#8220; custom_padding=&#8220;||||false|false&#8220; header_font_size_tablet=&#8220;50px&#8220; header_font_size_phone=&#8220;35px&#8220; header_font_size_last_edited=&#8220;on|phone&#8220; global_colors_info=&#8220;{}&#8220;]<\/p>\n<h1>Outdoor-K\u00fcchen<\/h1>\n<p>[\/et_pb_text][et_pb_text _builder_version=&#8220;4.26.0&#8243; _module_preset=&#8220;default&#8220; text_font=&#8220;Montserrat||||||||&#8220; text_text_color=&#8220;#0A0908&#8243; header_font=&#8220;Fira Sans|900||on|||||&#8220; header_font_size=&#8220;70px&#8220; header_line_height=&#8220;1.5em&#8220; background_color=&#8220;RGBA(124,218,36,0)&#8220; custom_margin=&#8220;|75px|60px|75px|false|false&#8220; custom_margin_tablet=&#8220;|75px|60px|75px|false|false&#8220; custom_margin_phone=&#8220;|10%|60px|10%|false|false&#8220; custom_margin_last_edited=&#8220;on|phone&#8220; custom_padding=&#8220;||||false|false&#8220; global_colors_info=&#8220;{}&#8220;]<\/p>\n<p>Outdoor-K\u00fcchen mit Steinmaterialien er\u00f6ffnen neue M\u00f6glichkeiten der Zubereitung und schaffen Gelegenheiten f\u00fcr exklusive Events.<\/p>\n<p>[\/et_pb_text][\/et_pb_column][\/et_pb_row][et_pb_row _builder_version=&#8220;4.23&#8243; _module_preset=&#8220;default&#8220; positioning=&#8220;absolute&#8220; position_origin_a=&#8220;bottom_center&#8220; vertical_offset=&#8220;-6px&#8220; z_index=&#8220;10&#8243; width=&#8220;100%&#8220; max_width=&#8220;1280px&#8220; global_colors_info=&#8220;{}&#8220;][et_pb_column type=&#8220;4_4&#8243; _builder_version=&#8220;4.23&#8243; _module_preset=&#8220;default&#8220; global_colors_info=&#8220;{}&#8220;][et_pb_icon font_icon=&#8220;&#x22;||divi||400&#8243; icon_color=&#8220;#FFFFFF&#8220; icon_width=&#8220;35px&#8220; url=&#8220;#footer&#8220; _builder_version=&#8220;4.26.0&#8243; _module_preset=&#8220;default&#8220; background_color=&#8220;#01509E&#8220; custom_padding=&#8220;20px|25px|20px|25px|false|false&#8220; custom_padding_tablet=&#8220;20px|25px|20px|25px|false|false&#8220; custom_padding_phone=&#8220;10px|10px|10px|10px|false|false&#8220; custom_padding_last_edited=&#8220;on|phone&#8220; border_color_all=&#8220;#FFFFFF&#8220; global_colors_info=&#8220;{}&#8220;][\/et_pb_icon][\/et_pb_column][\/et_pb_row][\/et_pb_section][et_pb_section fb_built=&#8220;1&#8243; _builder_version=&#8220;4.23&#8243; _module_preset=&#8220;default&#8220; global_colors_info=&#8220;{}&#8220;][et_pb_row column_structure=&#8220;1_2,1_2&#8243; _builder_version=&#8220;4.26.0&#8243; _module_preset=&#8220;default&#8220; width=&#8220;100%&#8220; width_tablet=&#8220;80%&#8220; width_phone=&#8220;80%&#8220; width_last_edited=&#8220;on|phone&#8220; max_width=&#8220;1280px&#8220; custom_padding=&#8220;0px||0px||false|false&#8220; global_colors_info=&#8220;{}&#8220;][et_pb_column type=&#8220;1_2&#8243; _builder_version=&#8220;4.23&#8243; _module_preset=&#8220;default&#8220; global_colors_info=&#8220;{}&#8220;][et_pb_text _builder_version=&#8220;4.23&#8243; _module_preset=&#8220;default&#8220; text_font=&#8220;Montserrat||||||||&#8220; global_colors_info=&#8220;{}&#8220;]Solide und zuverl\u00e4ssig, mit einzigartigem Stil von urig bis mediterran: Outdoor-K\u00fcchen sind daf\u00fcr da, Eindruck zu machen und Ihren Kunden sowohl im kleinen als auch im erweiterten Kreis neue kulinarische M\u00f6glichkeiten aufzutun. N\u00e4mlich G\u00e4ste einmal auf eine ganz neue Art zu bewirten \u2013 oder bewirten zu lassen &#8211; und zu beeindrucken, mit einem saftigen Barbecue oder feinen R\u00e4uchertechniken.[\/et_pb_text][\/et_pb_column][et_pb_column type=&#8220;1_2&#8243; _builder_version=&#8220;4.23&#8243; _module_preset=&#8220;default&#8220; global_colors_info=&#8220;{}&#8220;][et_pb_text _builder_version=&#8220;4.23&#8243; _module_preset=&#8220;default&#8220; text_font=&#8220;Montserrat||||||||&#8220; global_colors_info=&#8220;{}&#8220;]Damit das m\u00f6glich wird, k\u00f6nnen Sie bei uns aus vielen neuartigen oder traditionellen Materialien, von modernem Keramik \u00fcber innovative oder traditionelle Keramik bis zum reinen Naturstein w\u00e4hlen.[\/et_pb_text][\/et_pb_column][\/et_pb_row][\/et_pb_section][et_pb_section fb_built=&#8220;1&#8243; _builder_version=&#8220;4.23&#8243; _module_preset=&#8220;default&#8220; background_color=&#8220;#FFFFFF&#8220; custom_padding=&#8220;||||false|false&#8220; global_colors_info=&#8220;{}&#8220;][et_pb_row column_structure=&#8220;1_2,1_2&#8243; _builder_version=&#8220;4.26.0&#8243; _module_preset=&#8220;default&#8220; width=&#8220;100%&#8220; width_tablet=&#8220;80%&#8220; width_phone=&#8220;80%&#8220; width_last_edited=&#8220;on|phone&#8220; max_width=&#8220;1280px&#8220; custom_margin=&#8220;||||false|false&#8220; custom_padding=&#8220;0px||0px||false|false&#8220; global_colors_info=&#8220;{}&#8220;][et_pb_column type=&#8220;1_2&#8243; _builder_version=&#8220;4.22.2&#8243; _module_preset=&#8220;default&#8220; global_colors_info=&#8220;{}&#8220;][et_pb_image src=&#8220;https:\/\/bischoff.kaleidoskop-websites.de\/wp-content\/uploads\/2024\/06\/bischoff-leistungen-outdoorkuechen01.jpg&#8220; title_text=&#8220;bischoff-leistungen-outdoorkuechen01&#8243; _builder_version=&#8220;4.25.2&#8243; _module_preset=&#8220;default&#8220; custom_margin=&#8220;||||false|false&#8220; box_shadow_style=&#8220;preset1&#8243; box_shadow_blur=&#8220;10px&#8220; global_colors_info=&#8220;{}&#8220;][\/et_pb_image][\/et_pb_column][et_pb_column type=&#8220;1_2&#8243; _builder_version=&#8220;4.23&#8243; _module_preset=&#8220;default&#8220; custom_padding=&#8220;||||false|false&#8220; global_colors_info=&#8220;{}&#8220;][et_pb_text _builder_version=&#8220;4.23&#8243; _module_preset=&#8220;default&#8220; text_font=&#8220;Montserrat||||||||&#8220; header_line_height=&#8220;2.2em&#8220; background_enable_color=&#8220;off&#8220; custom_margin=&#8220;10px||||false|false&#8220; custom_padding=&#8220;||||false|false&#8220; global_colors_info=&#8220;{}&#8220;]Bischoff Stein + Design aus Lauffen am Neckar hilft gerne bei der Auswahl des perfekten Materials f\u00fcr Ihre Outdoor-K\u00fcche: Soll es edler Marmor sein oder solider Granit? Mediterrane Keramik oder der innovative Neolith? Gemeinsam analysieren wir W\u00fcnsche und Bed\u00fcrfnisse f\u00fcr die optimale Outdoor-K\u00fcche f\u00fcr Ihre Kunden im Garten oder Au\u00dfenbereich.<\/p>\n<p>W\u00e4hlen Sie eine K\u00fcchenarbeitsplatte aus einem f\u00fcr Drau\u00dfen speziell versiegelten Material, das sowohl mit exzellentem Aussehen als auch mit Kratzfestigkeit gl\u00e4nzt. Ob Quarz, einteilige Natursteinplatten oder gro\u00dfe Paneele aus fortschrittlicher Keramik, wir sorgen daf\u00fcr, dass hier ma\u00dfgenau gearbeitet wird und bieten die passende Sp\u00fcle gleich dazu.<\/p>\n<p>Beim Einbau des Grills und der Kochfl\u00e4che f\u00fchren arbeiten wir Hand in Hand mit Ihnen ma\u00dfgenau und passend f\u00fcr Sie und Ihre Kunden. Dabei helfen wir, eine ideale Wahl f\u00fcr eine Outdoor-K\u00fcche zu finden, sei es, dass ein besonderen optischen Effekt erzielt werden soll oder, dass Sie eine spezielle Zubereitungsart m\u00f6glich gemacht wird.[\/et_pb_text][\/et_pb_column][\/et_pb_row][\/et_pb_section][et_pb_section fb_built=&#8220;1&#8243; _builder_version=&#8220;4.23&#8243; _module_preset=&#8220;default&#8220; background_color=&#8220;#FFFFFF&#8220; custom_padding=&#8220;||||false|false&#8220; global_colors_info=&#8220;{}&#8220;][et_pb_row column_structure=&#8220;1_2,1_2&#8243; _builder_version=&#8220;4.26.0&#8243; _module_preset=&#8220;default&#8220; width=&#8220;100%&#8220; width_tablet=&#8220;80%&#8220; width_phone=&#8220;80%&#8220; width_last_edited=&#8220;on|phone&#8220; max_width=&#8220;1280px&#8220; custom_padding=&#8220;0px||0px||false|false&#8220; global_colors_info=&#8220;{}&#8220;][et_pb_column type=&#8220;1_2&#8243; _builder_version=&#8220;4.23&#8243; _module_preset=&#8220;default&#8220; custom_padding=&#8220;||||false|false&#8220; global_colors_info=&#8220;{}&#8220;][et_pb_image src=&#8220;https:\/\/bischoff.kaleidoskop-websites.de\/wp-content\/uploads\/2024\/06\/bischoff-leistungen-outdoorkuechen02.jpg&#8220; title_text=&#8220;bischoff-leistungen-outdoorkuechen02&#8243; disabled_on=&#8220;off|off|on&#8220; _builder_version=&#8220;4.26.0&#8243; _module_preset=&#8220;default&#8220; custom_margin=&#8220;||||false|false&#8220; custom_padding=&#8220;|||0px||&#8220; box_shadow_style=&#8220;preset1&#8243; box_shadow_blur=&#8220;10px&#8220; global_colors_info=&#8220;{}&#8220;][\/et_pb_image][et_pb_text _builder_version=&#8220;4.23&#8243; _module_preset=&#8220;default&#8220; text_font=&#8220;Montserrat||||||||&#8220; background_enable_color=&#8220;off&#8220; custom_margin=&#8220;10px||||false|false&#8220; custom_padding=&#8220;||||false|false&#8220; global_colors_info=&#8220;{}&#8220;]Steinfronten aus Natur oder Keramik und dazu passende R\u00fcckw\u00e4nde, die gerade bei einer Outdoor-K\u00fcche auch prominent sichtbar sein k\u00f6nnen, f\u00fcgen wir als kr\u00f6nenden Abschluss hinzu. Ob die K\u00fcche urig oder wegweisend modern sein soll, wir haben f\u00fcr alle Vorhaben das n\u00f6tige Material und Know-How \u2013 von aufsehenerregenden einteiligen R\u00fcckw\u00e4nden bis zu harmonischen oder wegweisenden Keramik- Kombinationen.<\/p>\n<p>Sie haben bei uns den gro\u00dfen Vorteil, alles aus einer Hand beziehen zu k\u00f6nnen, so dass Sie die volle Kontrolle \u00fcber Lieferzeiten und Installation haben. Wir f\u00fchren auch Endanschl\u00fcsse von Elektronik und Sanit\u00e4r entspannt und exakt f\u00fcr Sie durch, so dass Sie sich auf Ihren Kernauftrag konzentrieren k\u00f6nnen.[\/et_pb_text][\/et_pb_column][et_pb_column type=&#8220;1_2&#8243; _builder_version=&#8220;4.22.2&#8243; _module_preset=&#8220;default&#8220; global_colors_info=&#8220;{}&#8220;][et_pb_image src=&#8220;https:\/\/bischoff.kaleidoskop-websites.de\/wp-content\/uploads\/2024\/06\/bischoff-leistungen-outdoorkuechen02.jpg&#8220; title_text=&#8220;bischoff-leistungen-outdoorkuechen02&#8243; disabled_on=&#8220;on|on|off&#8220; _builder_version=&#8220;4.26.0&#8243; _module_preset=&#8220;default&#8220; custom_margin=&#8220;||||false|false&#8220; custom_padding=&#8220;|||0px||&#8220; box_shadow_style=&#8220;preset1&#8243; box_shadow_blur=&#8220;10px&#8220; global_colors_info=&#8220;{}&#8220;][\/et_pb_image][\/et_pb_column][\/et_pb_row][\/et_pb_section][et_pb_section fb_built=&#8220;1&#8243; _builder_version=&#8220;4.23&#8243; _module_preset=&#8220;default&#8220; background_color=&#8220;#FFFFFF&#8220; custom_padding=&#8220;||||false|false&#8220; global_colors_info=&#8220;{}&#8220;][et_pb_row column_structure=&#8220;1_2,1_2&#8243; _builder_version=&#8220;4.26.0&#8243; _module_preset=&#8220;default&#8220; width=&#8220;100%&#8220; width_tablet=&#8220;80%&#8220; width_phone=&#8220;80%&#8220; width_last_edited=&#8220;on|phone&#8220; max_width=&#8220;1280px&#8220; custom_margin=&#8220;||||false|false&#8220; custom_padding=&#8220;0px||0px||false|false&#8220; global_colors_info=&#8220;{}&#8220;][et_pb_column type=&#8220;1_2&#8243; _builder_version=&#8220;4.22.2&#8243; _module_preset=&#8220;default&#8220; global_colors_info=&#8220;{}&#8220;][et_pb_image src=&#8220;https:\/\/bischoff.kaleidoskop-websites.de\/wp-content\/uploads\/2024\/06\/bischoff-leistungen-outdoorkuechen03.jpg&#8220; title_text=&#8220;bischoff-leistungen-outdoorkuechen03&#8243; _builder_version=&#8220;4.25.2&#8243; _module_preset=&#8220;default&#8220; custom_margin=&#8220;||||false|false&#8220; box_shadow_style=&#8220;preset1&#8243; box_shadow_blur=&#8220;10px&#8220; global_colors_info=&#8220;{}&#8220;][\/et_pb_image][\/et_pb_column][et_pb_column type=&#8220;1_2&#8243; _builder_version=&#8220;4.23&#8243; _module_preset=&#8220;default&#8220; custom_padding=&#8220;||||false|false&#8220; global_colors_info=&#8220;{}&#8220;][et_pb_text _builder_version=&#8220;4.23&#8243; _module_preset=&#8220;default&#8220; text_font=&#8220;Montserrat||||||||&#8220; header_line_height=&#8220;2.2em&#8220; background_enable_color=&#8220;off&#8220; custom_margin=&#8220;10px||||false|false&#8220; custom_padding=&#8220;||||false|false&#8220; global_colors_info=&#8220;{}&#8220;]Desweiteren geben wir Ihnen oder auf Wunsch Ihren Kunden eine Einf\u00fchrung in Pflege und Reinigung, versehen Sie mit den n\u00f6tigen Reinigungsmitteln und optimalen Putzutensilien f\u00fcr Ihre Outdoor-K\u00fcche und erledigen die Reinigungst\u00e4tigkeiten bei Bedarf.<\/p>\n<p>Wir beraten Sie gerne. Rufen Sie noch heute an![\/et_pb_text][\/et_pb_column][\/et_pb_row][\/et_pb_section]<\/p>\n","protected":false},"excerpt":{"rendered":"<p>Outdoor-K\u00fcchenOutdoor-K\u00fcchen mit Steinmaterialien er\u00f6ffnen neue M\u00f6glichkeiten der Zubereitung und schaffen Gelegenheiten f\u00fcr exklusive Events.Solide und zuverl\u00e4ssig, mit einzigartigem Stil von urig bis mediterran: Outdoor-K\u00fcchen sind daf\u00fcr da, Eindruck zu machen und Ihren Kunden sowohl im kleinen als auch im erweiterten Kreis neue kulinarische M\u00f6glichkeiten aufzutun. N\u00e4mlich G\u00e4ste einmal auf eine ganz neue Art zu bewirten [&hellip;]<\/p>\n","protected":false},"author":1,"featured_media":0,"parent":0,"menu_order":0,"comment_status":"closed","ping_status":"closed","template":"","meta":{"_et_pb_use_builder":"on","_et_pb_old_content":"","_et_gb_content_width":"","footnotes":""},"class_list":["post-401","page","type-page","status-publish","hentry"],"yoast_head":"<!-- This site is optimized with the Yoast SEO plugin v27.4 - https:\/\/yoast.com\/product\/yoast-seo-wordpress\/ -->\n<title>Exklusive Outdoor-K\u00fcchen - Bischoff Stein + Design<\/title>\n<meta name=\"description\" content=\"Exklusive Outdoor-K\u00fcchen aus Naturstein f\u00fcr ein besonderes Kocherlebnis. \ud83d\udcde Jetzt entdecken!\" \/>\n<meta name=\"robots\" content=\"index, follow, max-snippet:-1, max-image-preview:large, max-video-preview:-1\" \/>\n<link rel=\"canonical\" href=\"https:\/\/bischoff.kaleidoskop-websites.de\/?page_id=401\" \/>\n<meta property=\"og:locale\" content=\"de_DE\" \/>\n<meta property=\"og:type\" content=\"article\" \/>\n<meta property=\"og:title\" content=\"Exklusive Outdoor-K\u00fcchen - Bischoff Stein + Design\" \/>\n<meta property=\"og:description\" content=\"Exklusive Outdoor-K\u00fcchen aus Naturstein f\u00fcr ein besonderes Kocherlebnis. \ud83d\udcde Jetzt entdecken!\" \/>\n<meta property=\"og:url\" content=\"https:\/\/bischoff.kaleidoskop-websites.de\/?page_id=401\" \/>\n<meta property=\"og:site_name\" content=\"Bischoff Stein + Design\" \/>\n<meta property=\"article:publisher\" content=\"https:\/\/www.facebook.com\/people\/Naturstein-lauffen\/61556244130719\/?_rdr\" \/>\n<meta property=\"article:modified_time\" content=\"2024-07-08T07:18:01+00:00\" \/>\n<meta property=\"og:image\" content=\"https:\/\/bischoff.kaleidoskop-websites.de\/wp-content\/uploads\/2024\/07\/bischoff-sharing-picture.jpg\" \/>\n\t<meta property=\"og:image:width\" content=\"1200\" \/>\n\t<meta property=\"og:image:height\" content=\"675\" \/>\n\t<meta property=\"og:image:type\" content=\"image\/jpeg\" \/>\n<meta name=\"twitter:card\" content=\"summary_large_image\" \/>\n<meta name=\"twitter:label1\" content=\"Gesch\u00e4tzte Lesezeit\" \/>\n\t<meta name=\"twitter:data1\" content=\"6\u00a0Minuten\" \/>\n<script type=\"application\/ld+json\" class=\"yoast-schema-graph\">{\"@context\":\"https:\\\/\\\/schema.org\",\"@graph\":[{\"@type\":\"WebPage\",\"@id\":\"https:\\\/\\\/bischoff.kaleidoskop-websites.de\\\/?page_id=401\",\"url\":\"https:\\\/\\\/bischoff.kaleidoskop-websites.de\\\/?page_id=401\",\"name\":\"Exklusive Outdoor-K\u00fcchen - Bischoff Stein + Design\",\"isPartOf\":{\"@id\":\"https:\\\/\\\/bischoff.kaleidoskop-websites.de\\\/#website\"},\"datePublished\":\"2024-01-04T11:36:23+00:00\",\"dateModified\":\"2024-07-08T07:18:01+00:00\",\"description\":\"Exklusive Outdoor-K\u00fcchen aus Naturstein f\u00fcr ein besonderes Kocherlebnis. \ud83d\udcde Jetzt entdecken!\",\"breadcrumb\":{\"@id\":\"https:\\\/\\\/bischoff.kaleidoskop-websites.de\\\/?page_id=401#breadcrumb\"},\"inLanguage\":\"de\",\"potentialAction\":[{\"@type\":\"ReadAction\",\"target\":[\"https:\\\/\\\/bischoff.kaleidoskop-websites.de\\\/?page_id=401\"]}]},{\"@type\":\"BreadcrumbList\",\"@id\":\"https:\\\/\\\/bischoff.kaleidoskop-websites.de\\\/?page_id=401#breadcrumb\",\"itemListElement\":[{\"@type\":\"ListItem\",\"position\":1,\"name\":\"Startseite\",\"item\":\"https:\\\/\\\/bischoff.kaleidoskop-websites.de\\\/\"},{\"@type\":\"ListItem\",\"position\":2,\"name\":\"Outdoor-K\u00fcchen\"}]},{\"@type\":\"WebSite\",\"@id\":\"https:\\\/\\\/bischoff.kaleidoskop-websites.de\\\/#website\",\"url\":\"https:\\\/\\\/bischoff.kaleidoskop-websites.de\\\/\",\"name\":\"Bischoff Stein + Design\",\"description\":\"K\u00fcchen und Badelemente aus Naturstein, Keramik und Glas\",\"publisher\":{\"@id\":\"https:\\\/\\\/bischoff.kaleidoskop-websites.de\\\/#organization\"},\"potentialAction\":[{\"@type\":\"SearchAction\",\"target\":{\"@type\":\"EntryPoint\",\"urlTemplate\":\"https:\\\/\\\/bischoff.kaleidoskop-websites.de\\\/?s={search_term_string}\"},\"query-input\":{\"@type\":\"PropertyValueSpecification\",\"valueRequired\":true,\"valueName\":\"search_term_string\"}}],\"inLanguage\":\"de\"},{\"@type\":\"Organization\",\"@id\":\"https:\\\/\\\/bischoff.kaleidoskop-websites.de\\\/#organization\",\"name\":\"Bischoff Stein + Design\",\"url\":\"https:\\\/\\\/bischoff.kaleidoskop-websites.de\\\/\",\"logo\":{\"@type\":\"ImageObject\",\"inLanguage\":\"de\",\"@id\":\"https:\\\/\\\/bischoff.kaleidoskop-websites.de\\\/#\\\/schema\\\/logo\\\/image\\\/\",\"url\":\"https:\\\/\\\/bischoff.kaleidoskop-websites.de\\\/wp-content\\\/uploads\\\/2023\\\/09\\\/bischoff_logo-300x82-1.png\",\"contentUrl\":\"https:\\\/\\\/bischoff.kaleidoskop-websites.de\\\/wp-content\\\/uploads\\\/2023\\\/09\\\/bischoff_logo-300x82-1.png\",\"width\":300,\"height\":82,\"caption\":\"Bischoff Stein + Design\"},\"image\":{\"@id\":\"https:\\\/\\\/bischoff.kaleidoskop-websites.de\\\/#\\\/schema\\\/logo\\\/image\\\/\"},\"sameAs\":[\"https:\\\/\\\/www.facebook.com\\\/people\\\/Naturstein-lauffen\\\/61556244130719\\\/?_rdr\",\"https:\\\/\\\/www.instagram.com\\\/naturstein.lauffen\\\/\"]}]}<\/script>\n<!-- \/ Yoast SEO plugin. -->","yoast_head_json":{"title":"Exklusive Outdoor-K\u00fcchen - Bischoff Stein + Design","description":"Exklusive Outdoor-K\u00fcchen aus Naturstein f\u00fcr ein besonderes Kocherlebnis. \ud83d\udcde Jetzt entdecken!","robots":{"index":"index","follow":"follow","max-snippet":"max-snippet:-1","max-image-preview":"max-image-preview:large","max-video-preview":"max-video-preview:-1"},"canonical":"https:\/\/bischoff.kaleidoskop-websites.de\/?page_id=401","og_locale":"de_DE","og_type":"article","og_title":"Exklusive Outdoor-K\u00fcchen - Bischoff Stein + Design","og_description":"Exklusive Outdoor-K\u00fcchen aus Naturstein f\u00fcr ein besonderes Kocherlebnis. \ud83d\udcde Jetzt entdecken!","og_url":"https:\/\/bischoff.kaleidoskop-websites.de\/?page_id=401","og_site_name":"Bischoff Stein + Design","article_publisher":"https:\/\/www.facebook.com\/people\/Naturstein-lauffen\/61556244130719\/?_rdr","article_modified_time":"2024-07-08T07:18:01+00:00","og_image":[{"width":1200,"height":675,"url":"https:\/\/bischoff.kaleidoskop-websites.de\/wp-content\/uploads\/2024\/07\/bischoff-sharing-picture.jpg","type":"image\/jpeg"}],"twitter_card":"summary_large_image","twitter_misc":{"Gesch\u00e4tzte Lesezeit":"6\u00a0Minuten"},"schema":{"@context":"https:\/\/schema.org","@graph":[{"@type":"WebPage","@id":"https:\/\/bischoff.kaleidoskop-websites.de\/?page_id=401","url":"https:\/\/bischoff.kaleidoskop-websites.de\/?page_id=401","name":"Exklusive Outdoor-K\u00fcchen - Bischoff Stein + Design","isPartOf":{"@id":"https:\/\/bischoff.kaleidoskop-websites.de\/#website"},"datePublished":"2024-01-04T11:36:23+00:00","dateModified":"2024-07-08T07:18:01+00:00","description":"Exklusive Outdoor-K\u00fcchen aus Naturstein f\u00fcr ein besonderes Kocherlebnis. \ud83d\udcde Jetzt entdecken!","breadcrumb":{"@id":"https:\/\/bischoff.kaleidoskop-websites.de\/?page_id=401#breadcrumb"},"inLanguage":"de","potentialAction":[{"@type":"ReadAction","target":["https:\/\/bischoff.kaleidoskop-websites.de\/?page_id=401"]}]},{"@type":"BreadcrumbList","@id":"https:\/\/bischoff.kaleidoskop-websites.de\/?page_id=401#breadcrumb","itemListElement":[{"@type":"ListItem","position":1,"name":"Startseite","item":"https:\/\/bischoff.kaleidoskop-websites.de\/"},{"@type":"ListItem","position":2,"name":"Outdoor-K\u00fcchen"}]},{"@type":"WebSite","@id":"https:\/\/bischoff.kaleidoskop-websites.de\/#website","url":"https:\/\/bischoff.kaleidoskop-websites.de\/","name":"Bischoff Stein + Design","description":"K\u00fcchen und Badelemente aus Naturstein, Keramik und Glas","publisher":{"@id":"https:\/\/bischoff.kaleidoskop-websites.de\/#organization"},"potentialAction":[{"@type":"SearchAction","target":{"@type":"EntryPoint","urlTemplate":"https:\/\/bischoff.kaleidoskop-websites.de\/?s={search_term_string}"},"query-input":{"@type":"PropertyValueSpecification","valueRequired":true,"valueName":"search_term_string"}}],"inLanguage":"de"},{"@type":"Organization","@id":"https:\/\/bischoff.kaleidoskop-websites.de\/#organization","name":"Bischoff Stein + Design","url":"https:\/\/bischoff.kaleidoskop-websites.de\/","logo":{"@type":"ImageObject","inLanguage":"de","@id":"https:\/\/bischoff.kaleidoskop-websites.de\/#\/schema\/logo\/image\/","url":"https:\/\/bischoff.kaleidoskop-websites.de\/wp-content\/uploads\/2023\/09\/bischoff_logo-300x82-1.png","contentUrl":"https:\/\/bischoff.kaleidoskop-websites.de\/wp-content\/uploads\/2023\/09\/bischoff_logo-300x82-1.png","width":300,"height":82,"caption":"Bischoff Stein + Design"},"image":{"@id":"https:\/\/bischoff.kaleidoskop-websites.de\/#\/schema\/logo\/image\/"},"sameAs":["https:\/\/www.facebook.com\/people\/Naturstein-lauffen\/61556244130719\/?_rdr","https:\/\/www.instagram.com\/naturstein.lauffen\/"]}]}},"_links":{"self":[{"href":"https:\/\/bischoff.kaleidoskop-websites.de\/index.php?rest_route=\/wp\/v2\/pages\/401","targetHints":{"allow":["GET"]}}],"collection":[{"href":"https:\/\/bischoff.kaleidoskop-websites.de\/index.php?rest_route=\/wp\/v2\/pages"}],"about":[{"href":"https:\/\/bischoff.kaleidoskop-websites.de\/index.php?rest_route=\/wp\/v2\/types\/page"}],"author":[{"embeddable":true,"href":"https:\/\/bischoff.kaleidoskop-websites.de\/index.php?rest_route=\/wp\/v2\/users\/1"}],"replies":[{"embeddable":true,"href":"https:\/\/bischoff.kaleidoskop-websites.de\/index.php?rest_route=%2Fwp%2Fv2%2Fcomments&post=401"}],"version-history":[{"count":10,"href":"https:\/\/bischoff.kaleidoskop-websites.de\/index.php?rest_route=\/wp\/v2\/pages\/401\/revisions"}],"predecessor-version":[{"id":958,"href":"https:\/\/bischoff.kaleidoskop-websites.de\/index.php?rest_route=\/wp\/v2\/pages\/401\/revisions\/958"}],"wp:attachment":[{"href":"https:\/\/bischoff.kaleidoskop-websites.de\/index.php?rest_route=%2Fwp%2Fv2%2Fmedia&parent=401"}],"curies":[{"name":"wp","href":"https:\/\/api.w.org\/{rel}","templated":true}]}}