{"id":378,"date":"2024-01-04T12:06:22","date_gmt":"2024-01-04T11:06:22","guid":{"rendered":"https:\/\/bischoff.kaleidoskop-websites.de\/?page_id=378"},"modified":"2024-07-07T22:58:31","modified_gmt":"2024-07-07T20:58:31","slug":"kuechen","status":"publish","type":"page","link":"https:\/\/bischoff.kaleidoskop-websites.de\/?page_id=378","title":{"rendered":"K\u00fcchen"},"content":{"rendered":"<p>[et_pb_section fb_built=&#8220;1&#8243; _builder_version=&#8220;4.26.0&#8243; _module_preset=&#8220;default&#8220; background_image=&#8220;https:\/\/bischoff.kaleidoskop-websites.de\/wp-content\/uploads\/2024\/01\/kuechen-hero.jpg&#8220; background_position=&#8220;bottom_center&#8220; height=&#8220;60vh&#8220; height_tablet=&#8220;60vh&#8220; height_phone=&#8220;30vh&#8220; height_last_edited=&#8220;on|phone&#8220; global_colors_info=&#8220;{}&#8220;][\/et_pb_section][et_pb_section fb_built=&#8220;1&#8243; _builder_version=&#8220;4.26.0&#8243; _module_preset=&#8220;default&#8220; background_color=&#8220;RGBA(124,218,36,0)&#8220; positioning=&#8220;none&#8220; custom_margin=&#8220;-150px||||false|false&#8220; custom_margin_tablet=&#8220;-150px||||false|false&#8220; custom_margin_phone=&#8220;0px||||false|false&#8220; custom_margin_last_edited=&#8220;on|phone&#8220; custom_padding=&#8220;0px||||false|false&#8220; global_colors_info=&#8220;{}&#8220;][et_pb_row _builder_version=&#8220;4.23&#8243; _module_preset=&#8220;default&#8220; background_color=&#8220;#FFFFFF&#8220; width=&#8220;100%&#8220; max_width=&#8220;1280px&#8220; custom_padding=&#8220;0px||0px||false|false&#8220; border_radii=&#8220;off||||&#8220; border_width_top=&#8220;5px&#8220; border_color_top=&#8220;#01509E&#8220; box_shadow_style=&#8220;preset1&#8243; box_shadow_spread=&#8220;-5px&#8220; global_colors_info=&#8220;{}&#8220;][et_pb_column type=&#8220;4_4&#8243; _builder_version=&#8220;4.23&#8243; _module_preset=&#8220;default&#8220; global_colors_info=&#8220;{}&#8220;][et_pb_text _builder_version=&#8220;4.26.0&#8243; _module_preset=&#8220;default&#8220; text_font=&#8220;Montserrat||||||||&#8220; text_text_color=&#8220;#0A0908&#8243; header_font=&#8220;|800|||||||&#8220; header_font_size=&#8220;50px&#8220; background_color=&#8220;RGBA(124,218,36,0)&#8220; custom_margin=&#8220;60px|75px||75px|false|false&#8220; custom_margin_tablet=&#8220;60px|75px||75px|false|false&#8220; custom_margin_phone=&#8220;50px|10%|0px|10%|false|false&#8220; custom_margin_last_edited=&#8220;on|phone&#8220; custom_padding=&#8220;||||false|false&#8220; header_font_size_tablet=&#8220;50px&#8220; header_font_size_phone=&#8220;35px&#8220; header_font_size_last_edited=&#8220;on|phone&#8220; global_colors_info=&#8220;{}&#8220;]<\/p>\n<h1>K\u00fcchen<\/h1>\n<p>[\/et_pb_text][et_pb_text _builder_version=&#8220;4.26.0&#8243; _module_preset=&#8220;default&#8220; text_font=&#8220;Montserrat||||||||&#8220; text_text_color=&#8220;#0A0908&#8243; header_font=&#8220;Fira Sans|900||on|||||&#8220; header_font_size=&#8220;70px&#8220; header_line_height=&#8220;1.5em&#8220; background_color=&#8220;RGBA(124,218,36,0)&#8220; custom_margin=&#8220;|75px|60px|75px|false|false&#8220; custom_margin_tablet=&#8220;|75px|60px|75px|false|false&#8220; custom_margin_phone=&#8220;|10%|60px|10%|false|false&#8220; custom_margin_last_edited=&#8220;on|phone&#8220; custom_padding=&#8220;||||false|false&#8220; global_colors_info=&#8220;{}&#8220;]<\/p>\n<p>K\u00fcchen mit Naturstein- und Keramikelementen bieten eine Kombination aus zuverl\u00e4ssigen und langlebigen Materialien und urspr\u00fcnglicher oder moderner \u00c4sthetik<\/p>\n<p>[\/et_pb_text][\/et_pb_column][\/et_pb_row][et_pb_row _builder_version=&#8220;4.23&#8243; _module_preset=&#8220;default&#8220; positioning=&#8220;absolute&#8220; position_origin_a=&#8220;bottom_center&#8220; vertical_offset=&#8220;-6px&#8220; z_index=&#8220;10&#8243; width=&#8220;100%&#8220; max_width=&#8220;1280px&#8220; global_colors_info=&#8220;{}&#8220;][et_pb_column type=&#8220;4_4&#8243; _builder_version=&#8220;4.23&#8243; _module_preset=&#8220;default&#8220; global_colors_info=&#8220;{}&#8220;][et_pb_icon font_icon=&#8220;&#x22;||divi||400&#8243; icon_color=&#8220;#FFFFFF&#8220; icon_width=&#8220;35px&#8220; url=&#8220;#footer&#8220; _builder_version=&#8220;4.26.0&#8243; _module_preset=&#8220;default&#8220; background_color=&#8220;#01509E&#8220; custom_padding=&#8220;20px|25px|20px|25px|false|false&#8220; custom_padding_tablet=&#8220;20px|25px|20px|25px|false|false&#8220; custom_padding_phone=&#8220;10px|10px|10px|10px|false|false&#8220; custom_padding_last_edited=&#8220;on|phone&#8220; border_color_all=&#8220;#FFFFFF&#8220; global_colors_info=&#8220;{}&#8220;][\/et_pb_icon][\/et_pb_column][\/et_pb_row][\/et_pb_section][et_pb_section fb_built=&#8220;1&#8243; _builder_version=&#8220;4.23&#8243; _module_preset=&#8220;default&#8220; global_colors_info=&#8220;{}&#8220;][et_pb_row column_structure=&#8220;1_2,1_2&#8243; _builder_version=&#8220;4.26.0&#8243; _module_preset=&#8220;default&#8220; width=&#8220;100%&#8220; width_tablet=&#8220;80%&#8220; width_phone=&#8220;80%&#8220; width_last_edited=&#8220;on|phone&#8220; max_width=&#8220;1280px&#8220; custom_padding=&#8220;0px||0px||false|false&#8220; hover_enabled=&#8220;0&#8243; global_colors_info=&#8220;{}&#8220; sticky_enabled=&#8220;0&#8243;][et_pb_column type=&#8220;1_2&#8243; _builder_version=&#8220;4.23&#8243; _module_preset=&#8220;default&#8220; global_colors_info=&#8220;{}&#8220;][et_pb_text _builder_version=&#8220;4.23&#8243; _module_preset=&#8220;default&#8220; text_font=&#8220;Montserrat||||||||&#8220; global_colors_info=&#8220;{}&#8220;]F\u00fcr K\u00fcchen bieten wir Ihnen und Ihren Kunden folgende hochwertige und individuell fertigbare Elemente aus Naturstein und Keramik: Die klassische Arbeitsplatte, edle K\u00fcchenfronten und K\u00fcchenr\u00fcckw\u00e4nde, sowie Sp\u00fclbecken oder Sp\u00fclbeckeneinfassungen. Wir sorgen mit sorgf\u00e4ltigem Aufma\u00df, Transport und Einbau daf\u00fcr, dass Sie und Ihre Kunden absolut zufrieden sind.[\/et_pb_text][\/et_pb_column][et_pb_column type=&#8220;1_2&#8243; _builder_version=&#8220;4.23&#8243; _module_preset=&#8220;default&#8220; global_colors_info=&#8220;{}&#8220;][et_pb_text _builder_version=&#8220;4.23&#8243; _module_preset=&#8220;default&#8220; text_font=&#8220;Montserrat||||||||&#8220; global_colors_info=&#8220;{}&#8220;]Sie haben die Wahl, mit Natursteinen wie starkem Granit oder kostbarem Marmor einzigartige Ausstrahlung mit nachhaltigem K\u00fcchenbau zu verbinden oder mit Keramik aus nat\u00fcrlichen Materialien wie Neolith, Keramik oder Dekton moderne, auf Ihr Projekt zugeschnittene Akzente zu setzen. Durch innovative Versiegelungstechniken bieten Ihnen beide M\u00f6glichkeiten maximale Hygiene und Zuverl\u00e4ssigkeit.[\/et_pb_text][\/et_pb_column][\/et_pb_row][\/et_pb_section][et_pb_section fb_built=&#8220;1&#8243; _builder_version=&#8220;4.23&#8243; _module_preset=&#8220;default&#8220; background_color=&#8220;#FFFFFF&#8220; custom_padding=&#8220;||||false|false&#8220; global_colors_info=&#8220;{}&#8220;][et_pb_row column_structure=&#8220;1_2,1_2&#8243; _builder_version=&#8220;4.26.0&#8243; _module_preset=&#8220;default&#8220; width=&#8220;100%&#8220; width_tablet=&#8220;80%&#8220; width_phone=&#8220;80%&#8220; width_last_edited=&#8220;on|phone&#8220; max_width=&#8220;1280px&#8220; custom_margin=&#8220;||||false|false&#8220; custom_padding=&#8220;0px||0px||false|false&#8220; hover_enabled=&#8220;0&#8243; global_colors_info=&#8220;{}&#8220; sticky_enabled=&#8220;0&#8243;][et_pb_column type=&#8220;1_2&#8243; _builder_version=&#8220;4.22.2&#8243; _module_preset=&#8220;default&#8220; global_colors_info=&#8220;{}&#8220;][et_pb_image src=&#8220;https:\/\/bischoff.kaleidoskop-websites.de\/wp-content\/uploads\/2024\/06\/kuechen04.jpg&#8220; title_text=&#8220;kuechen04&#8243; _builder_version=&#8220;4.25.2&#8243; _module_preset=&#8220;default&#8220; custom_margin=&#8220;||||false|false&#8220; box_shadow_style=&#8220;preset1&#8243; box_shadow_blur=&#8220;10px&#8220; global_colors_info=&#8220;{}&#8220;][\/et_pb_image][\/et_pb_column][et_pb_column type=&#8220;1_2&#8243; _builder_version=&#8220;4.23&#8243; _module_preset=&#8220;default&#8220; custom_padding=&#8220;||||false|false&#8220; global_colors_info=&#8220;{}&#8220;][et_pb_text _builder_version=&#8220;4.23&#8243; _module_preset=&#8220;default&#8220; text_font=&#8220;Montserrat||||||||&#8220; header_line_height=&#8220;2.2em&#8220; background_enable_color=&#8220;off&#8220; custom_margin=&#8220;10px||||false|false&#8220; custom_padding=&#8220;||||false|false&#8220; global_colors_info=&#8220;{}&#8220;]Die K\u00fcchenarbeitsplatte ist Grundlage des Arbeitens in der K\u00fcche. Hier k\u00f6nnen Sie f\u00fcr Ihre Kunden inzwischen vom klassischen Naturstein bis zu technologischen Neuerungen aus nat\u00fcrlichen Materialien aus vielen Spezial-K\u00fcchenoptionen und Gestaltungsm\u00f6glichkeiten w\u00e4hlen.<\/p>\n<p>Ob hitzebest\u00e4ndige klassische Keramik, selbstreinigendes und antibakterielles Sapienstone, farbechtes Laminam, faszinierendes Quarz oder Granit in vielf\u00e4ltiger Farbauswahl &#8211; wir machen Sie vertraut mit der Vielzahl an Werkstoffen und helfen Ihnen, das ideale Produkt f\u00fcr Ihr Projekt zu w\u00e4hlen.<\/p>\n<p>Passend zur Arbeitsplatte bieten wir auch Sp\u00fclen und Sp\u00fclbecken aus Naturstein und Keramik, die wir perfekt f\u00fcr Sie einpassen und die von vorneherein in die Planung mit einbezogen werden k\u00f6nnen. Sie k\u00f6nnen sich dabei vorz\u00fcglicher Verarbeitung sicher sein.[\/et_pb_text][\/et_pb_column][\/et_pb_row][\/et_pb_section][et_pb_section fb_built=&#8220;1&#8243; _builder_version=&#8220;4.23&#8243; _module_preset=&#8220;default&#8220; background_color=&#8220;#FFFFFF&#8220; custom_padding=&#8220;||||false|false&#8220; global_colors_info=&#8220;{}&#8220;][et_pb_row column_structure=&#8220;1_2,1_2&#8243; _builder_version=&#8220;4.26.0&#8243; _module_preset=&#8220;default&#8220; width=&#8220;100%&#8220; width_tablet=&#8220;80%&#8220; width_phone=&#8220;80%&#8220; width_last_edited=&#8220;on|phone&#8220; max_width=&#8220;1280px&#8220; custom_padding=&#8220;0px||0px||false|false&#8220; hover_enabled=&#8220;0&#8243; global_colors_info=&#8220;{}&#8220; sticky_enabled=&#8220;0&#8243;][et_pb_column type=&#8220;1_2&#8243; _builder_version=&#8220;4.23&#8243; _module_preset=&#8220;default&#8220; custom_padding=&#8220;||||false|false&#8220; global_colors_info=&#8220;{}&#8220;][et_pb_image src=&#8220;https:\/\/bischoff.kaleidoskop-websites.de\/wp-content\/uploads\/2024\/01\/kuechen02.jpg&#8220; title_text=&#8220;kuechen02&#8243; disabled_on=&#8220;off|off|on&#8220; _builder_version=&#8220;4.26.0&#8243; _module_preset=&#8220;default&#8220; custom_margin=&#8220;||||false|false&#8220; custom_padding=&#8220;|||0px||&#8220; box_shadow_style=&#8220;preset1&#8243; box_shadow_blur=&#8220;10px&#8220; global_colors_info=&#8220;{}&#8220;][\/et_pb_image][et_pb_text _builder_version=&#8220;4.23&#8243; _module_preset=&#8220;default&#8220; text_font=&#8220;Montserrat||||||||&#8220; background_enable_color=&#8220;off&#8220; custom_margin=&#8220;10px||||false|false&#8220; custom_padding=&#8220;||||false|false&#8220; global_colors_info=&#8220;{}&#8220;]Zusammen mit Ihnen und auf Wunsch mit Ihren Kunden w\u00e4hlen wir auch f\u00fcr die K\u00fcche optimale Steinfronten oder R\u00fcckw\u00e4nde, die Ihnen leicht den Einbau und das Arrangement von Ger\u00e4ten nach den W\u00fcnschen und Bed\u00fcrfnissen Ihrer Kunden erm\u00f6glichen. Die zuverl\u00e4ssige Fleckenresistenz von Steinmaterialien und deren urspr\u00fcngliche oder moderne Ausstrahlung machen eine Steink\u00fcche nicht nur zu einem tollen Ort zum Kochen, sondern setzen auch ein unverwechselbares Flair.<\/p>\n<p>Bischoff Stein + Design aus Lauffen am Neckar bietet Ihnen gerade im Bereich K\u00fcchen reichhaltige Erfahrung und effektive Planung. Durch unsere hauseigene Produktion haben Sie den Vorteil, alles aus einer Hand beziehen zu k\u00f6nnen. Sparen Sie sich Abstimmungs- und Lieferverz\u00f6gerungen. Verlassen Sie sich auf uns: Wir machen Ihr Projekt f\u00fcr Sie und Ihre Kunden auch zeitlich zuverl\u00e4ssig planbar.[\/et_pb_text][\/et_pb_column][et_pb_column type=&#8220;1_2&#8243; _builder_version=&#8220;4.22.2&#8243; _module_preset=&#8220;default&#8220; global_colors_info=&#8220;{}&#8220;][et_pb_image src=&#8220;https:\/\/bischoff.kaleidoskop-websites.de\/wp-content\/uploads\/2024\/01\/kuechen02.jpg&#8220; title_text=&#8220;kuechen02&#8243; disabled_on=&#8220;on|on|off&#8220; _builder_version=&#8220;4.26.0&#8243; _module_preset=&#8220;default&#8220; custom_margin=&#8220;||||false|false&#8220; custom_padding=&#8220;|||0px||&#8220; box_shadow_style=&#8220;preset1&#8243; box_shadow_blur=&#8220;10px&#8220; global_colors_info=&#8220;{}&#8220;][\/et_pb_image][\/et_pb_column][\/et_pb_row][\/et_pb_section][et_pb_section fb_built=&#8220;1&#8243; _builder_version=&#8220;4.23&#8243; _module_preset=&#8220;default&#8220; background_color=&#8220;#FFFFFF&#8220; custom_padding=&#8220;0px||||false|false&#8220; global_colors_info=&#8220;{}&#8220;][et_pb_row column_structure=&#8220;1_2,1_2&#8243; _builder_version=&#8220;4.26.0&#8243; _module_preset=&#8220;default&#8220; width=&#8220;100%&#8220; width_tablet=&#8220;80%&#8220; width_phone=&#8220;80%&#8220; width_last_edited=&#8220;on|phone&#8220; max_width=&#8220;1280px&#8220; custom_margin=&#8220;||||false|false&#8220; custom_padding=&#8220;0px||0px||false|false&#8220; hover_enabled=&#8220;0&#8243; global_colors_info=&#8220;{}&#8220; sticky_enabled=&#8220;0&#8243;][et_pb_column type=&#8220;1_2&#8243; _builder_version=&#8220;4.22.2&#8243; _module_preset=&#8220;default&#8220; global_colors_info=&#8220;{}&#8220;][et_pb_image src=&#8220;https:\/\/bischoff.kaleidoskop-websites.de\/wp-content\/uploads\/2024\/01\/kuechen03.jpg&#8220; title_text=&#8220;kuechen03&#8243; _builder_version=&#8220;4.23&#8243; _module_preset=&#8220;default&#8220; custom_margin=&#8220;||||false|false&#8220; box_shadow_style=&#8220;preset1&#8243; box_shadow_blur=&#8220;10px&#8220; global_colors_info=&#8220;{}&#8220;][\/et_pb_image][\/et_pb_column][et_pb_column type=&#8220;1_2&#8243; _builder_version=&#8220;4.23&#8243; _module_preset=&#8220;default&#8220; custom_padding=&#8220;||||false|false&#8220; global_colors_info=&#8220;{}&#8220;][et_pb_text _builder_version=&#8220;4.23&#8243; _module_preset=&#8220;default&#8220; text_font=&#8220;Montserrat||||||||&#8220; header_line_height=&#8220;2.2em&#8220; background_enable_color=&#8220;off&#8220; custom_margin=&#8220;10px||||false|false&#8220; custom_padding=&#8220;||||false|false&#8220; global_colors_info=&#8220;{}&#8220;]Auch f\u00fcr Pflege und Reinigung stehen wir auf Ihrer Seite: Ob Sie eine Grundreinigung brauchen oder eine Auffrischung der Versiegelung. Ob Sie Ihre Mitarbeiter in der K\u00fcchenpflege schulen wollen oder einfach perfekte Reinigungs- und Pflegemittel f\u00fcr K\u00fcchen erwerben wollen. Bei uns steht alles f\u00fcr Sie bereit.<\/p>\n<p>Bei der Installation \u00fcbernehmen wir auch einfache Elektro- und Sanit\u00e4r-Endanschl\u00fcsse f\u00fcr Sie. So k\u00f6nnen Sie sich auf die Kernbereiche Ihres Auftrags konzentrieren und im Einzelfall Fahrt und Zeit sparen.[\/et_pb_text][\/et_pb_column][\/et_pb_row][\/et_pb_section]<\/p>\n","protected":false},"excerpt":{"rendered":"<p>K\u00fcchenK\u00fcchen mit Naturstein- und Keramikelementen bieten eine Kombination aus zuverl\u00e4ssigen und langlebigen Materialien und urspr\u00fcnglicher oder moderner \u00c4sthetikF\u00fcr K\u00fcchen bieten wir Ihnen und Ihren Kunden folgende hochwertige und individuell fertigbare Elemente aus Naturstein und Keramik: Die klassische Arbeitsplatte, edle K\u00fcchenfronten und K\u00fcchenr\u00fcckw\u00e4nde, sowie Sp\u00fclbecken oder Sp\u00fclbeckeneinfassungen. Wir sorgen mit sorgf\u00e4ltigem Aufma\u00df, Transport und Einbau daf\u00fcr, [&hellip;]<\/p>\n","protected":false},"author":1,"featured_media":0,"parent":0,"menu_order":0,"comment_status":"closed","ping_status":"closed","template":"","meta":{"_et_pb_use_builder":"on","_et_pb_old_content":"","_et_gb_content_width":"","footnotes":""},"class_list":["post-378","page","type-page","status-publish","hentry"],"yoast_head":"<!-- This site is optimized with the Yoast SEO plugin v27.4 - https:\/\/yoast.com\/product\/yoast-seo-wordpress\/ -->\n<title>Hochwertige Naturstein-K\u00fcchen - Bischoff Stein + Design<\/title>\n<meta name=\"description\" content=\"Traumk\u00fcchen aus Naturstein f\u00fcr Ihr Zuhause, perfekt geplant. \ud83d\udcde Jetzt inspirieren!\" \/>\n<meta name=\"robots\" content=\"index, follow, max-snippet:-1, max-image-preview:large, max-video-preview:-1\" \/>\n<link rel=\"canonical\" href=\"https:\/\/bischoff.kaleidoskop-websites.de\/?page_id=378\" \/>\n<meta property=\"og:locale\" content=\"de_DE\" \/>\n<meta property=\"og:type\" content=\"article\" \/>\n<meta property=\"og:title\" content=\"Hochwertige Naturstein-K\u00fcchen - Bischoff Stein + Design\" \/>\n<meta property=\"og:description\" content=\"Traumk\u00fcchen aus Naturstein f\u00fcr Ihr Zuhause, perfekt geplant. \ud83d\udcde Jetzt inspirieren!\" \/>\n<meta property=\"og:url\" content=\"https:\/\/bischoff.kaleidoskop-websites.de\/?page_id=378\" \/>\n<meta property=\"og:site_name\" content=\"Bischoff Stein + Design\" \/>\n<meta property=\"article:publisher\" content=\"https:\/\/www.facebook.com\/people\/Naturstein-lauffen\/61556244130719\/?_rdr\" \/>\n<meta property=\"article:modified_time\" content=\"2024-07-07T20:58:31+00:00\" \/>\n<meta property=\"og:image\" content=\"https:\/\/bischoff.kaleidoskop-websites.de\/wp-content\/uploads\/2024\/07\/bischoff-sharing-picture.jpg\" \/>\n\t<meta property=\"og:image:width\" content=\"1200\" \/>\n\t<meta property=\"og:image:height\" content=\"675\" \/>\n\t<meta property=\"og:image:type\" content=\"image\/jpeg\" \/>\n<meta name=\"twitter:card\" content=\"summary_large_image\" \/>\n<script type=\"application\/ld+json\" class=\"yoast-schema-graph\">{\"@context\":\"https:\\\/\\\/schema.org\",\"@graph\":[{\"@type\":\"WebPage\",\"@id\":\"https:\\\/\\\/bischoff.kaleidoskop-websites.de\\\/?page_id=378\",\"url\":\"https:\\\/\\\/bischoff.kaleidoskop-websites.de\\\/?page_id=378\",\"name\":\"Hochwertige Naturstein-K\u00fcchen - Bischoff Stein + Design\",\"isPartOf\":{\"@id\":\"https:\\\/\\\/bischoff.kaleidoskop-websites.de\\\/#website\"},\"datePublished\":\"2024-01-04T11:06:22+00:00\",\"dateModified\":\"2024-07-07T20:58:31+00:00\",\"description\":\"Traumk\u00fcchen aus Naturstein f\u00fcr Ihr Zuhause, perfekt geplant. \ud83d\udcde Jetzt inspirieren!\",\"breadcrumb\":{\"@id\":\"https:\\\/\\\/bischoff.kaleidoskop-websites.de\\\/?page_id=378#breadcrumb\"},\"inLanguage\":\"de\",\"potentialAction\":[{\"@type\":\"ReadAction\",\"target\":[\"https:\\\/\\\/bischoff.kaleidoskop-websites.de\\\/?page_id=378\"]}]},{\"@type\":\"BreadcrumbList\",\"@id\":\"https:\\\/\\\/bischoff.kaleidoskop-websites.de\\\/?page_id=378#breadcrumb\",\"itemListElement\":[{\"@type\":\"ListItem\",\"position\":1,\"name\":\"Startseite\",\"item\":\"https:\\\/\\\/bischoff.kaleidoskop-websites.de\\\/\"},{\"@type\":\"ListItem\",\"position\":2,\"name\":\"K\u00fcchen\"}]},{\"@type\":\"WebSite\",\"@id\":\"https:\\\/\\\/bischoff.kaleidoskop-websites.de\\\/#website\",\"url\":\"https:\\\/\\\/bischoff.kaleidoskop-websites.de\\\/\",\"name\":\"Bischoff Stein + Design\",\"description\":\"K\u00fcchen und Badelemente aus Naturstein, Keramik und Glas\",\"publisher\":{\"@id\":\"https:\\\/\\\/bischoff.kaleidoskop-websites.de\\\/#organization\"},\"potentialAction\":[{\"@type\":\"SearchAction\",\"target\":{\"@type\":\"EntryPoint\",\"urlTemplate\":\"https:\\\/\\\/bischoff.kaleidoskop-websites.de\\\/?s={search_term_string}\"},\"query-input\":{\"@type\":\"PropertyValueSpecification\",\"valueRequired\":true,\"valueName\":\"search_term_string\"}}],\"inLanguage\":\"de\"},{\"@type\":\"Organization\",\"@id\":\"https:\\\/\\\/bischoff.kaleidoskop-websites.de\\\/#organization\",\"name\":\"Bischoff Stein + Design\",\"url\":\"https:\\\/\\\/bischoff.kaleidoskop-websites.de\\\/\",\"logo\":{\"@type\":\"ImageObject\",\"inLanguage\":\"de\",\"@id\":\"https:\\\/\\\/bischoff.kaleidoskop-websites.de\\\/#\\\/schema\\\/logo\\\/image\\\/\",\"url\":\"https:\\\/\\\/bischoff.kaleidoskop-websites.de\\\/wp-content\\\/uploads\\\/2023\\\/09\\\/bischoff_logo-300x82-1.png\",\"contentUrl\":\"https:\\\/\\\/bischoff.kaleidoskop-websites.de\\\/wp-content\\\/uploads\\\/2023\\\/09\\\/bischoff_logo-300x82-1.png\",\"width\":300,\"height\":82,\"caption\":\"Bischoff Stein + Design\"},\"image\":{\"@id\":\"https:\\\/\\\/bischoff.kaleidoskop-websites.de\\\/#\\\/schema\\\/logo\\\/image\\\/\"},\"sameAs\":[\"https:\\\/\\\/www.facebook.com\\\/people\\\/Naturstein-lauffen\\\/61556244130719\\\/?_rdr\",\"https:\\\/\\\/www.instagram.com\\\/naturstein.lauffen\\\/\"]}]}<\/script>\n<!-- \/ Yoast SEO plugin. -->","yoast_head_json":{"title":"Hochwertige Naturstein-K\u00fcchen - Bischoff Stein + Design","description":"Traumk\u00fcchen aus Naturstein f\u00fcr Ihr Zuhause, perfekt geplant. \ud83d\udcde Jetzt inspirieren!","robots":{"index":"index","follow":"follow","max-snippet":"max-snippet:-1","max-image-preview":"max-image-preview:large","max-video-preview":"max-video-preview:-1"},"canonical":"https:\/\/bischoff.kaleidoskop-websites.de\/?page_id=378","og_locale":"de_DE","og_type":"article","og_title":"Hochwertige Naturstein-K\u00fcchen - Bischoff Stein + Design","og_description":"Traumk\u00fcchen aus Naturstein f\u00fcr Ihr Zuhause, perfekt geplant. \ud83d\udcde Jetzt inspirieren!","og_url":"https:\/\/bischoff.kaleidoskop-websites.de\/?page_id=378","og_site_name":"Bischoff Stein + Design","article_publisher":"https:\/\/www.facebook.com\/people\/Naturstein-lauffen\/61556244130719\/?_rdr","article_modified_time":"2024-07-07T20:58:31+00:00","og_image":[{"width":1200,"height":675,"url":"https:\/\/bischoff.kaleidoskop-websites.de\/wp-content\/uploads\/2024\/07\/bischoff-sharing-picture.jpg","type":"image\/jpeg"}],"twitter_card":"summary_large_image","schema":{"@context":"https:\/\/schema.org","@graph":[{"@type":"WebPage","@id":"https:\/\/bischoff.kaleidoskop-websites.de\/?page_id=378","url":"https:\/\/bischoff.kaleidoskop-websites.de\/?page_id=378","name":"Hochwertige Naturstein-K\u00fcchen - Bischoff Stein + Design","isPartOf":{"@id":"https:\/\/bischoff.kaleidoskop-websites.de\/#website"},"datePublished":"2024-01-04T11:06:22+00:00","dateModified":"2024-07-07T20:58:31+00:00","description":"Traumk\u00fcchen aus Naturstein f\u00fcr Ihr Zuhause, perfekt geplant. \ud83d\udcde Jetzt inspirieren!","breadcrumb":{"@id":"https:\/\/bischoff.kaleidoskop-websites.de\/?page_id=378#breadcrumb"},"inLanguage":"de","potentialAction":[{"@type":"ReadAction","target":["https:\/\/bischoff.kaleidoskop-websites.de\/?page_id=378"]}]},{"@type":"BreadcrumbList","@id":"https:\/\/bischoff.kaleidoskop-websites.de\/?page_id=378#breadcrumb","itemListElement":[{"@type":"ListItem","position":1,"name":"Startseite","item":"https:\/\/bischoff.kaleidoskop-websites.de\/"},{"@type":"ListItem","position":2,"name":"K\u00fcchen"}]},{"@type":"WebSite","@id":"https:\/\/bischoff.kaleidoskop-websites.de\/#website","url":"https:\/\/bischoff.kaleidoskop-websites.de\/","name":"Bischoff Stein + Design","description":"K\u00fcchen und Badelemente aus Naturstein, Keramik und Glas","publisher":{"@id":"https:\/\/bischoff.kaleidoskop-websites.de\/#organization"},"potentialAction":[{"@type":"SearchAction","target":{"@type":"EntryPoint","urlTemplate":"https:\/\/bischoff.kaleidoskop-websites.de\/?s={search_term_string}"},"query-input":{"@type":"PropertyValueSpecification","valueRequired":true,"valueName":"search_term_string"}}],"inLanguage":"de"},{"@type":"Organization","@id":"https:\/\/bischoff.kaleidoskop-websites.de\/#organization","name":"Bischoff Stein + Design","url":"https:\/\/bischoff.kaleidoskop-websites.de\/","logo":{"@type":"ImageObject","inLanguage":"de","@id":"https:\/\/bischoff.kaleidoskop-websites.de\/#\/schema\/logo\/image\/","url":"https:\/\/bischoff.kaleidoskop-websites.de\/wp-content\/uploads\/2023\/09\/bischoff_logo-300x82-1.png","contentUrl":"https:\/\/bischoff.kaleidoskop-websites.de\/wp-content\/uploads\/2023\/09\/bischoff_logo-300x82-1.png","width":300,"height":82,"caption":"Bischoff Stein + Design"},"image":{"@id":"https:\/\/bischoff.kaleidoskop-websites.de\/#\/schema\/logo\/image\/"},"sameAs":["https:\/\/www.facebook.com\/people\/Naturstein-lauffen\/61556244130719\/?_rdr","https:\/\/www.instagram.com\/naturstein.lauffen\/"]}]}},"_links":{"self":[{"href":"https:\/\/bischoff.kaleidoskop-websites.de\/index.php?rest_route=\/wp\/v2\/pages\/378","targetHints":{"allow":["GET"]}}],"collection":[{"href":"https:\/\/bischoff.kaleidoskop-websites.de\/index.php?rest_route=\/wp\/v2\/pages"}],"about":[{"href":"https:\/\/bischoff.kaleidoskop-websites.de\/index.php?rest_route=\/wp\/v2\/types\/page"}],"author":[{"embeddable":true,"href":"https:\/\/bischoff.kaleidoskop-websites.de\/index.php?rest_route=\/wp\/v2\/users\/1"}],"replies":[{"embeddable":true,"href":"https:\/\/bischoff.kaleidoskop-websites.de\/index.php?rest_route=%2Fwp%2Fv2%2Fcomments&post=378"}],"version-history":[{"count":9,"href":"https:\/\/bischoff.kaleidoskop-websites.de\/index.php?rest_route=\/wp\/v2\/pages\/378\/revisions"}],"predecessor-version":[{"id":950,"href":"https:\/\/bischoff.kaleidoskop-websites.de\/index.php?rest_route=\/wp\/v2\/pages\/378\/revisions\/950"}],"wp:attachment":[{"href":"https:\/\/bischoff.kaleidoskop-websites.de\/index.php?rest_route=%2Fwp%2Fv2%2Fmedia&parent=378"}],"curies":[{"name":"wp","href":"https:\/\/api.w.org\/{rel}","templated":true}]}}