{"id":27,"date":"2023-09-24T13:04:39","date_gmt":"2023-09-24T11:04:39","guid":{"rendered":"https:\/\/bischoff.kaleidoskop-websites.de\/?page_id=27"},"modified":"2024-07-07T22:56:19","modified_gmt":"2024-07-07T20:56:19","slug":"leistungen","status":"publish","type":"page","link":"https:\/\/bischoff.kaleidoskop-websites.de\/?page_id=27","title":{"rendered":"Leistungen"},"content":{"rendered":"<p>[et_pb_section fb_built=&#8220;1&#8243; _builder_version=&#8220;4.26.0&#8243; _module_preset=&#8220;default&#8220; background_image=&#8220;https:\/\/bischoff.kaleidoskop-websites.de\/wp-content\/uploads\/2024\/06\/bischoff-leistungen-header2.jpg&#8220; background_position=&#8220;top_center&#8220; background_vertical_offset=&#8220;20%&#8220; height=&#8220;60vh&#8220; height_tablet=&#8220;60vh&#8220; height_phone=&#8220;30vh&#8220; height_last_edited=&#8220;on|phone&#8220; global_colors_info=&#8220;{}&#8220;][\/et_pb_section][et_pb_section fb_built=&#8220;1&#8243; _builder_version=&#8220;4.26.0&#8243; _module_preset=&#8220;default&#8220; background_color=&#8220;RGBA(124,218,36,0)&#8220; positioning=&#8220;none&#8220; custom_margin=&#8220;-150px||||false|false&#8220; custom_margin_tablet=&#8220;-150px||||false|false&#8220; custom_margin_phone=&#8220;0px||||false|false&#8220; custom_margin_last_edited=&#8220;on|phone&#8220; custom_padding=&#8220;0px||||false|false&#8220; global_colors_info=&#8220;{}&#8220;][et_pb_row _builder_version=&#8220;4.23&#8243; _module_preset=&#8220;default&#8220; background_color=&#8220;#FFFFFF&#8220; width=&#8220;100%&#8220; max_width=&#8220;1280px&#8220; custom_padding=&#8220;0px||0px||false|false&#8220; border_radii=&#8220;off||||&#8220; border_width_top=&#8220;5px&#8220; border_color_top=&#8220;#01509E&#8220; box_shadow_style=&#8220;preset1&#8243; box_shadow_spread=&#8220;-5px&#8220; global_colors_info=&#8220;{}&#8220;][et_pb_column type=&#8220;4_4&#8243; _builder_version=&#8220;4.23&#8243; _module_preset=&#8220;default&#8220; global_colors_info=&#8220;{}&#8220;][et_pb_text _builder_version=&#8220;4.26.0&#8243; _module_preset=&#8220;default&#8220; text_font=&#8220;Montserrat||||||||&#8220; text_text_color=&#8220;#0A0908&#8243; header_font=&#8220;|800|||||||&#8220; header_font_size=&#8220;50px&#8220; background_color=&#8220;RGBA(124,218,36,0)&#8220; custom_margin=&#8220;60px|75px||75px|false|false&#8220; custom_margin_tablet=&#8220;60px|75px||75px|false|false&#8220; custom_margin_phone=&#8220;50px|10%|0px|10%|false|false&#8220; custom_margin_last_edited=&#8220;on|phone&#8220; custom_padding=&#8220;||||false|false&#8220; header_font_size_tablet=&#8220;50px&#8220; header_font_size_phone=&#8220;35px&#8220; header_font_size_last_edited=&#8220;on|phone&#8220; global_colors_info=&#8220;{}&#8220;]<\/p>\n<h1>Leistungen<\/h1>\n<p>[\/et_pb_text][et_pb_text _builder_version=&#8220;4.26.0&#8243; _module_preset=&#8220;default&#8220; text_font=&#8220;Montserrat||||||||&#8220; text_text_color=&#8220;#0A0908&#8243; header_font=&#8220;Fira Sans|900||on|||||&#8220; header_font_size=&#8220;70px&#8220; header_line_height=&#8220;1.5em&#8220; background_color=&#8220;RGBA(124,218,36,0)&#8220; custom_margin=&#8220;|75px|60px|75px|false|false&#8220; custom_margin_tablet=&#8220;|75px|60px|75px|false|false&#8220; custom_margin_phone=&#8220;|10%|60px|10%|false|false&#8220; custom_margin_last_edited=&#8220;on|phone&#8220; custom_padding=&#8220;||||false|false&#8220; global_colors_info=&#8220;{}&#8220;]<\/p>\n<p>Naturstein und Keramik \u2013 K\u00fcchen, B\u00e4der, Outdoor-K\u00fcchen, Natursteinm\u00f6bel, Fensterb\u00e4nke von Bischoff Stein + Design aus Lauffen am Neckar.<\/p>\n<p>[\/et_pb_text][\/et_pb_column][\/et_pb_row][et_pb_row _builder_version=&#8220;4.23&#8243; _module_preset=&#8220;default&#8220; positioning=&#8220;absolute&#8220; position_origin_a=&#8220;bottom_center&#8220; vertical_offset=&#8220;-6px&#8220; z_index=&#8220;10&#8243; width=&#8220;100%&#8220; max_width=&#8220;1280px&#8220; global_colors_info=&#8220;{}&#8220;][et_pb_column type=&#8220;4_4&#8243; _builder_version=&#8220;4.23&#8243; _module_preset=&#8220;default&#8220; global_colors_info=&#8220;{}&#8220;][et_pb_icon font_icon=&#8220;&#x22;||divi||400&#8243; icon_color=&#8220;#FFFFFF&#8220; icon_width=&#8220;35px&#8220; url=&#8220;#footer&#8220; _builder_version=&#8220;4.26.0&#8243; _module_preset=&#8220;default&#8220; background_color=&#8220;#01509E&#8220; custom_padding=&#8220;20px|25px|20px|25px|false|false&#8220; custom_padding_tablet=&#8220;20px|25px|20px|25px|false|false&#8220; custom_padding_phone=&#8220;10px|10px|10px|10px|false|false&#8220; custom_padding_last_edited=&#8220;on|phone&#8220; border_color_all=&#8220;#FFFFFF&#8220; global_colors_info=&#8220;{}&#8220;][\/et_pb_icon][\/et_pb_column][\/et_pb_row][\/et_pb_section][et_pb_section fb_built=&#8220;1&#8243; _builder_version=&#8220;4.23&#8243; _module_preset=&#8220;default&#8220; global_colors_info=&#8220;{}&#8220;][et_pb_row column_structure=&#8220;1_2,1_2&#8243; _builder_version=&#8220;4.26.0&#8243; _module_preset=&#8220;default&#8220; width=&#8220;100%&#8220; width_tablet=&#8220;80%&#8220; width_phone=&#8220;80%&#8220; width_last_edited=&#8220;on|phone&#8220; max_width=&#8220;1280px&#8220; custom_padding=&#8220;0px||0px||false|false&#8220; hover_enabled=&#8220;0&#8243; global_colors_info=&#8220;{}&#8220; sticky_enabled=&#8220;0&#8243;][et_pb_column type=&#8220;1_2&#8243; _builder_version=&#8220;4.23&#8243; _module_preset=&#8220;default&#8220; global_colors_info=&#8220;{}&#8220;][et_pb_text _builder_version=&#8220;4.23&#8243; _module_preset=&#8220;default&#8220; text_font=&#8220;Montserrat||||||||&#8220; global_colors_info=&#8220;{}&#8220;]Sie bekommen bei uns unkomplizierten Service, hochwertige Materialien und meisterhafte Handwerkskunst im Bereich Naturstein, Keramik und Glas: Beratung, Materialauswahl in der Ausstellung, Planung, Aufma\u00df, Einbau: All das bieten wir Ihnen und Ihren Kunden. K\u00fcchenarbeitsplatten, K\u00fcchenfronten, K\u00fcchenr\u00fcckw\u00e4nde, gro\u00dfformatige Badfliesen, Duschwannen, Waschtische, Waschbecken und Sp\u00fclbecken, aber auch Fensterb\u00e4nke und Eingangsportale \u2013 das ist unser Angebot f\u00fcr Sie.[\/et_pb_text][\/et_pb_column][et_pb_column type=&#8220;1_2&#8243; _builder_version=&#8220;4.23&#8243; _module_preset=&#8220;default&#8220; global_colors_info=&#8220;{}&#8220;][et_pb_text _builder_version=&#8220;4.23&#8243; _module_preset=&#8220;default&#8220; text_font=&#8220;Montserrat||||||||&#8220; global_colors_info=&#8220;{}&#8220;]Wir arbeiten seit 1927 f\u00fcr K\u00fcchenstudios, Schreiner, Badstudios, Sanit\u00e4rfirmen und auf Wunsch auch f\u00fcr Privatkunden bei allem rund um die \u00e4sthetischen, langlebigen und hochwertigen Materialien im Bereich Naturstein, Keramik und Glas. F\u00fcr besondere, gro\u00dfformatige W\u00fcnsche haben wir eine eigene Produktion, so dass wir unabh\u00e4ngig von Lieferzeiten f\u00fcr Sie zuverl\u00e4ssig gemeinsame Termine erf\u00fcllen k\u00f6nnen. F\u00fcr besonders zufriedene Kunden.[\/et_pb_text][\/et_pb_column][\/et_pb_row][\/et_pb_section][et_pb_section fb_built=&#8220;1&#8243; _builder_version=&#8220;4.23&#8243; _module_preset=&#8220;default&#8220; custom_padding=&#8220;0px||||false|false&#8220; global_colors_info=&#8220;{}&#8220;][et_pb_row column_structure=&#8220;1_3,1_3,1_3&#8243; _builder_version=&#8220;4.26.0&#8243; _module_preset=&#8220;default&#8220; width=&#8220;100%&#8220; width_tablet=&#8220;80%&#8220; width_phone=&#8220;80%&#8220; width_last_edited=&#8220;on|phone&#8220; max_width=&#8220;1280px&#8220; custom_padding=&#8220;0px||0px||false|false&#8220; hover_enabled=&#8220;0&#8243; global_colors_info=&#8220;{}&#8220; sticky_enabled=&#8220;0&#8243;][et_pb_column type=&#8220;1_3&#8243; _builder_version=&#8220;4.23&#8243; _module_preset=&#8220;default&#8220; box_shadow_style=&#8220;preset1&#8243; box_shadow_spread=&#8220;-5px&#8220; global_colors_info=&#8220;{}&#8220;][et_pb_text _builder_version=&#8220;4.23&#8243; _module_preset=&#8220;default&#8220; header_3_text_color=&#8220;#0A0908&#8243; custom_margin=&#8220;50px|50px|10px|50px|false|false&#8220; global_colors_info=&#8220;{}&#8220;]<\/p>\n<h3>K\u00fcchen<\/h3>\n<p>[\/et_pb_text][et_pb_button button_url=&#8220;\/kuechen&#8220; button_text=&#8220;mehr zu K\u00fcchen&#8220; _builder_version=&#8220;4.23&#8243; _module_preset=&#8220;default&#8220; custom_button=&#8220;on&#8220; button_border_width=&#8220;0px&#8220; button_font=&#8220;Montserrat|700|||||||&#8220; button_icon=&#8220;&#x24;||divi||400&#8243; button_on_hover=&#8220;off&#8220; custom_margin=&#8220;|50px|50px|50px|false|true&#8220; custom_padding=&#8220;10px|45px|10px|25px|true|false&#8220; box_shadow_style=&#8220;preset1&#8243; box_shadow_spread=&#8220;-5px&#8220; global_colors_info=&#8220;{}&#8220; button_text_color__hover_enabled=&#8220;off|hover&#8220; button_bg_color__hover=&#8220;#4477B9&#8243;][\/et_pb_button][\/et_pb_column][et_pb_column type=&#8220;1_3&#8243; _builder_version=&#8220;4.23&#8243; _module_preset=&#8220;default&#8220; box_shadow_style=&#8220;preset1&#8243; box_shadow_spread=&#8220;-5px&#8220; global_colors_info=&#8220;{}&#8220;][et_pb_text _builder_version=&#8220;4.23&#8243; _module_preset=&#8220;default&#8220; header_3_text_color=&#8220;#0A0908&#8243; custom_margin=&#8220;50px|50px|10px|50px|false|false&#8220; global_colors_info=&#8220;{}&#8220;]<\/p>\n<h3>B\u00e4der<\/h3>\n<p>[\/et_pb_text][et_pb_button button_url=&#8220;\/baeder&#8220; button_text=&#8220;mehr zu B\u00e4dern&#8220; _builder_version=&#8220;4.23&#8243; _module_preset=&#8220;default&#8220; custom_button=&#8220;on&#8220; button_border_width=&#8220;0px&#8220; button_font=&#8220;Montserrat|700|||||||&#8220; button_icon=&#8220;&#x24;||divi||400&#8243; button_on_hover=&#8220;off&#8220; custom_margin=&#8220;|50px|50px|50px|false|true&#8220; custom_padding=&#8220;10px|45px|10px|25px|true|false&#8220; box_shadow_style=&#8220;preset1&#8243; box_shadow_spread=&#8220;-5px&#8220; global_colors_info=&#8220;{}&#8220; button_text_color__hover_enabled=&#8220;off|hover&#8220; button_bg_color__hover=&#8220;#4477B9&#8243;][\/et_pb_button][\/et_pb_column][et_pb_column type=&#8220;1_3&#8243; _builder_version=&#8220;4.23&#8243; _module_preset=&#8220;default&#8220; box_shadow_style=&#8220;preset1&#8243; box_shadow_spread=&#8220;-5px&#8220; global_colors_info=&#8220;{}&#8220;][et_pb_text _builder_version=&#8220;4.23&#8243; _module_preset=&#8220;default&#8220; header_3_text_color=&#8220;#0A0908&#8243; custom_margin=&#8220;50px|50px|10px|50px|false|false&#8220; global_colors_info=&#8220;{}&#8220;]<\/p>\n<h3>Outdoor-K\u00fcchen<\/h3>\n<p>[\/et_pb_text][et_pb_button button_url=&#8220;\/outdoor-kuechen&#8220; button_text=&#8220;mehr zu Outdoor-K\u00fcchen&#8220; _builder_version=&#8220;4.23&#8243; _module_preset=&#8220;default&#8220; custom_button=&#8220;on&#8220; button_border_width=&#8220;0px&#8220; button_font=&#8220;Montserrat|700|||||||&#8220; button_icon=&#8220;&#x24;||divi||400&#8243; button_on_hover=&#8220;off&#8220; custom_margin=&#8220;|50px|50px|50px|false|true&#8220; custom_padding=&#8220;10px|45px|10px|25px|true|false&#8220; box_shadow_style=&#8220;preset1&#8243; box_shadow_spread=&#8220;-5px&#8220; global_colors_info=&#8220;{}&#8220; button_text_color__hover_enabled=&#8220;off|hover&#8220; button_bg_color__hover=&#8220;#4477B9&#8243;][\/et_pb_button][\/et_pb_column][\/et_pb_row][et_pb_row column_structure=&#8220;1_2,1_2&#8243; _builder_version=&#8220;4.26.0&#8243; _module_preset=&#8220;default&#8220; width=&#8220;100%&#8220; width_tablet=&#8220;80%&#8220; width_phone=&#8220;80%&#8220; width_last_edited=&#8220;on|phone&#8220; max_width=&#8220;1280px&#8220; custom_padding=&#8220;||0px||false|false&#8220; hover_enabled=&#8220;0&#8243; global_colors_info=&#8220;{}&#8220; sticky_enabled=&#8220;0&#8243;][et_pb_column type=&#8220;1_2&#8243; _builder_version=&#8220;4.23&#8243; _module_preset=&#8220;default&#8220; box_shadow_style=&#8220;preset1&#8243; box_shadow_spread=&#8220;-5px&#8220; global_colors_info=&#8220;{}&#8220;][et_pb_text _builder_version=&#8220;4.23&#8243; _module_preset=&#8220;default&#8220; header_3_text_color=&#8220;#0A0908&#8243; custom_margin=&#8220;50px|50px|10px|50px|false|false&#8220; global_colors_info=&#8220;{}&#8220;]<\/p>\n<h3>K\u00fcchenfronten + R\u00fcckw\u00e4nde<\/h3>\n<p>[\/et_pb_text][et_pb_button button_url=&#8220;\/kuechenfronten-und-kuechenrueckwaende&#8220; button_text=&#8220;mehr zu K\u00fcchenfronten + R\u00fcckw\u00e4nden&#8220; _builder_version=&#8220;4.23&#8243; _module_preset=&#8220;default&#8220; custom_button=&#8220;on&#8220; button_border_width=&#8220;0px&#8220; button_font=&#8220;Montserrat|700|||||||&#8220; button_icon=&#8220;&#x24;||divi||400&#8243; button_on_hover=&#8220;off&#8220; custom_margin=&#8220;|50px|50px|50px|false|true&#8220; custom_padding=&#8220;10px|45px|10px|25px|true|false&#8220; box_shadow_style=&#8220;preset1&#8243; box_shadow_spread=&#8220;-5px&#8220; global_colors_info=&#8220;{}&#8220; button_text_color__hover_enabled=&#8220;off|hover&#8220; button_bg_color__hover=&#8220;#4477B9&#8243;][\/et_pb_button][\/et_pb_column][et_pb_column type=&#8220;1_2&#8243; disabled_on=&#8220;on|on|on&#8220; _builder_version=&#8220;4.26.0&#8243; _module_preset=&#8220;default&#8220; box_shadow_style=&#8220;preset1&#8243; box_shadow_spread=&#8220;-5px&#8220; disabled=&#8220;on&#8220; global_colors_info=&#8220;{}&#8220;][et_pb_text _builder_version=&#8220;4.23&#8243; _module_preset=&#8220;default&#8220; header_3_text_color=&#8220;#0A0908&#8243; custom_margin=&#8220;50px|50px|10px|50px|false|false&#8220; global_colors_info=&#8220;{}&#8220;]<\/p>\n<h3>Fensterb\u00e4nke + Portale<\/h3>\n<p>[\/et_pb_text][et_pb_button button_url=&#8220;\/fensterbaenke-und-eingangsportale&#8220; button_text=&#8220;mehr zu Fensterb\u00e4nken + Portalen&#8220; _builder_version=&#8220;4.23&#8243; _module_preset=&#8220;default&#8220; custom_button=&#8220;on&#8220; button_border_width=&#8220;0px&#8220; button_font=&#8220;Montserrat|700|||||||&#8220; button_icon=&#8220;&#x24;||divi||400&#8243; button_on_hover=&#8220;off&#8220; custom_margin=&#8220;|50px|50px|50px|false|true&#8220; custom_padding=&#8220;10px|45px|10px|25px|true|false&#8220; box_shadow_style=&#8220;preset1&#8243; box_shadow_spread=&#8220;-5px&#8220; global_colors_info=&#8220;{}&#8220; button_text_color__hover_enabled=&#8220;off|hover&#8220; button_bg_color__hover=&#8220;#4477B9&#8243;][\/et_pb_button][\/et_pb_column][\/et_pb_row][\/et_pb_section]<\/p>\n","protected":false},"excerpt":{"rendered":"<p>LeistungenNaturstein und Keramik \u2013 K\u00fcchen, B\u00e4der, Outdoor-K\u00fcchen, Natursteinm\u00f6bel, Fensterb\u00e4nke von Bischoff Stein + Design aus Lauffen am Neckar.Sie bekommen bei uns unkomplizierten Service, hochwertige Materialien und meisterhafte Handwerkskunst im Bereich Naturstein, Keramik und Glas: Beratung, Materialauswahl in der Ausstellung, Planung, Aufma\u00df, Einbau: All das bieten wir Ihnen und Ihren Kunden. K\u00fcchenarbeitsplatten, K\u00fcchenfronten, K\u00fcchenr\u00fcckw\u00e4nde, gro\u00dfformatige Badfliesen, [&hellip;]<\/p>\n","protected":false},"author":1,"featured_media":0,"parent":0,"menu_order":0,"comment_status":"closed","ping_status":"closed","template":"","meta":{"_et_pb_use_builder":"on","_et_pb_old_content":"<!-- wp:divi\/placeholder \/-->","_et_gb_content_width":"","footnotes":""},"class_list":["post-27","page","type-page","status-publish","hentry"],"yoast_head":"<!-- This site is optimized with the Yoast SEO plugin v27.4 - https:\/\/yoast.com\/product\/yoast-seo-wordpress\/ -->\n<title>Naturstein-Leistungen - Bischoff Stein + Design f\u00fcr Ihr Projekt<\/title>\n<meta name=\"description\" content=\"Umfassende Naturstein-Leistungen f\u00fcr Ihr individuelles Projekt. \ud83d\udcde Jetzt informieren!\" \/>\n<meta name=\"robots\" content=\"index, follow, max-snippet:-1, max-image-preview:large, max-video-preview:-1\" \/>\n<link rel=\"canonical\" href=\"https:\/\/bischoff.kaleidoskop-websites.de\/?page_id=27\" \/>\n<meta property=\"og:locale\" content=\"de_DE\" \/>\n<meta property=\"og:type\" content=\"article\" \/>\n<meta property=\"og:title\" content=\"Naturstein-Leistungen - Bischoff Stein + Design f\u00fcr Ihr Projekt\" \/>\n<meta property=\"og:description\" content=\"Umfassende Naturstein-Leistungen f\u00fcr Ihr individuelles Projekt. \ud83d\udcde Jetzt informieren!\" \/>\n<meta property=\"og:url\" content=\"https:\/\/bischoff.kaleidoskop-websites.de\/?page_id=27\" \/>\n<meta property=\"og:site_name\" content=\"Bischoff Stein + Design\" \/>\n<meta property=\"article:publisher\" content=\"https:\/\/www.facebook.com\/people\/Naturstein-lauffen\/61556244130719\/?_rdr\" \/>\n<meta property=\"article:modified_time\" content=\"2024-07-07T20:56:19+00:00\" \/>\n<meta property=\"og:image\" content=\"https:\/\/bischoff.kaleidoskop-websites.de\/wp-content\/uploads\/2024\/07\/bischoff-sharing-picture.jpg\" \/>\n\t<meta property=\"og:image:width\" content=\"1200\" \/>\n\t<meta property=\"og:image:height\" content=\"675\" \/>\n\t<meta property=\"og:image:type\" content=\"image\/jpeg\" \/>\n<meta name=\"twitter:card\" content=\"summary_large_image\" \/>\n<meta name=\"twitter:label1\" content=\"Gesch\u00e4tzte Lesezeit\" \/>\n\t<meta name=\"twitter:data1\" content=\"7\u00a0Minuten\" \/>\n<script type=\"application\/ld+json\" class=\"yoast-schema-graph\">{\"@context\":\"https:\\\/\\\/schema.org\",\"@graph\":[{\"@type\":\"WebPage\",\"@id\":\"https:\\\/\\\/bischoff.kaleidoskop-websites.de\\\/?page_id=27\",\"url\":\"https:\\\/\\\/bischoff.kaleidoskop-websites.de\\\/?page_id=27\",\"name\":\"Naturstein-Leistungen - Bischoff Stein + Design f\u00fcr Ihr Projekt\",\"isPartOf\":{\"@id\":\"https:\\\/\\\/bischoff.kaleidoskop-websites.de\\\/#website\"},\"datePublished\":\"2023-09-24T11:04:39+00:00\",\"dateModified\":\"2024-07-07T20:56:19+00:00\",\"description\":\"Umfassende Naturstein-Leistungen f\u00fcr Ihr individuelles Projekt. \ud83d\udcde Jetzt informieren!\",\"breadcrumb\":{\"@id\":\"https:\\\/\\\/bischoff.kaleidoskop-websites.de\\\/?page_id=27#breadcrumb\"},\"inLanguage\":\"de\",\"potentialAction\":[{\"@type\":\"ReadAction\",\"target\":[\"https:\\\/\\\/bischoff.kaleidoskop-websites.de\\\/?page_id=27\"]}]},{\"@type\":\"BreadcrumbList\",\"@id\":\"https:\\\/\\\/bischoff.kaleidoskop-websites.de\\\/?page_id=27#breadcrumb\",\"itemListElement\":[{\"@type\":\"ListItem\",\"position\":1,\"name\":\"Startseite\",\"item\":\"https:\\\/\\\/bischoff.kaleidoskop-websites.de\\\/\"},{\"@type\":\"ListItem\",\"position\":2,\"name\":\"Leistungen\"}]},{\"@type\":\"WebSite\",\"@id\":\"https:\\\/\\\/bischoff.kaleidoskop-websites.de\\\/#website\",\"url\":\"https:\\\/\\\/bischoff.kaleidoskop-websites.de\\\/\",\"name\":\"Bischoff Stein + Design\",\"description\":\"K\u00fcchen und Badelemente aus Naturstein, Keramik und Glas\",\"publisher\":{\"@id\":\"https:\\\/\\\/bischoff.kaleidoskop-websites.de\\\/#organization\"},\"potentialAction\":[{\"@type\":\"SearchAction\",\"target\":{\"@type\":\"EntryPoint\",\"urlTemplate\":\"https:\\\/\\\/bischoff.kaleidoskop-websites.de\\\/?s={search_term_string}\"},\"query-input\":{\"@type\":\"PropertyValueSpecification\",\"valueRequired\":true,\"valueName\":\"search_term_string\"}}],\"inLanguage\":\"de\"},{\"@type\":\"Organization\",\"@id\":\"https:\\\/\\\/bischoff.kaleidoskop-websites.de\\\/#organization\",\"name\":\"Bischoff Stein + Design\",\"url\":\"https:\\\/\\\/bischoff.kaleidoskop-websites.de\\\/\",\"logo\":{\"@type\":\"ImageObject\",\"inLanguage\":\"de\",\"@id\":\"https:\\\/\\\/bischoff.kaleidoskop-websites.de\\\/#\\\/schema\\\/logo\\\/image\\\/\",\"url\":\"https:\\\/\\\/bischoff.kaleidoskop-websites.de\\\/wp-content\\\/uploads\\\/2023\\\/09\\\/bischoff_logo-300x82-1.png\",\"contentUrl\":\"https:\\\/\\\/bischoff.kaleidoskop-websites.de\\\/wp-content\\\/uploads\\\/2023\\\/09\\\/bischoff_logo-300x82-1.png\",\"width\":300,\"height\":82,\"caption\":\"Bischoff Stein + Design\"},\"image\":{\"@id\":\"https:\\\/\\\/bischoff.kaleidoskop-websites.de\\\/#\\\/schema\\\/logo\\\/image\\\/\"},\"sameAs\":[\"https:\\\/\\\/www.facebook.com\\\/people\\\/Naturstein-lauffen\\\/61556244130719\\\/?_rdr\",\"https:\\\/\\\/www.instagram.com\\\/naturstein.lauffen\\\/\"]}]}<\/script>\n<!-- \/ Yoast SEO plugin. -->","yoast_head_json":{"title":"Naturstein-Leistungen - Bischoff Stein + Design f\u00fcr Ihr Projekt","description":"Umfassende Naturstein-Leistungen f\u00fcr Ihr individuelles Projekt. \ud83d\udcde Jetzt informieren!","robots":{"index":"index","follow":"follow","max-snippet":"max-snippet:-1","max-image-preview":"max-image-preview:large","max-video-preview":"max-video-preview:-1"},"canonical":"https:\/\/bischoff.kaleidoskop-websites.de\/?page_id=27","og_locale":"de_DE","og_type":"article","og_title":"Naturstein-Leistungen - Bischoff Stein + Design f\u00fcr Ihr Projekt","og_description":"Umfassende Naturstein-Leistungen f\u00fcr Ihr individuelles Projekt. \ud83d\udcde Jetzt informieren!","og_url":"https:\/\/bischoff.kaleidoskop-websites.de\/?page_id=27","og_site_name":"Bischoff Stein + Design","article_publisher":"https:\/\/www.facebook.com\/people\/Naturstein-lauffen\/61556244130719\/?_rdr","article_modified_time":"2024-07-07T20:56:19+00:00","og_image":[{"width":1200,"height":675,"url":"https:\/\/bischoff.kaleidoskop-websites.de\/wp-content\/uploads\/2024\/07\/bischoff-sharing-picture.jpg","type":"image\/jpeg"}],"twitter_card":"summary_large_image","twitter_misc":{"Gesch\u00e4tzte Lesezeit":"7\u00a0Minuten"},"schema":{"@context":"https:\/\/schema.org","@graph":[{"@type":"WebPage","@id":"https:\/\/bischoff.kaleidoskop-websites.de\/?page_id=27","url":"https:\/\/bischoff.kaleidoskop-websites.de\/?page_id=27","name":"Naturstein-Leistungen - Bischoff Stein + Design f\u00fcr Ihr Projekt","isPartOf":{"@id":"https:\/\/bischoff.kaleidoskop-websites.de\/#website"},"datePublished":"2023-09-24T11:04:39+00:00","dateModified":"2024-07-07T20:56:19+00:00","description":"Umfassende Naturstein-Leistungen f\u00fcr Ihr individuelles Projekt. \ud83d\udcde Jetzt informieren!","breadcrumb":{"@id":"https:\/\/bischoff.kaleidoskop-websites.de\/?page_id=27#breadcrumb"},"inLanguage":"de","potentialAction":[{"@type":"ReadAction","target":["https:\/\/bischoff.kaleidoskop-websites.de\/?page_id=27"]}]},{"@type":"BreadcrumbList","@id":"https:\/\/bischoff.kaleidoskop-websites.de\/?page_id=27#breadcrumb","itemListElement":[{"@type":"ListItem","position":1,"name":"Startseite","item":"https:\/\/bischoff.kaleidoskop-websites.de\/"},{"@type":"ListItem","position":2,"name":"Leistungen"}]},{"@type":"WebSite","@id":"https:\/\/bischoff.kaleidoskop-websites.de\/#website","url":"https:\/\/bischoff.kaleidoskop-websites.de\/","name":"Bischoff Stein + Design","description":"K\u00fcchen und Badelemente aus Naturstein, Keramik und Glas","publisher":{"@id":"https:\/\/bischoff.kaleidoskop-websites.de\/#organization"},"potentialAction":[{"@type":"SearchAction","target":{"@type":"EntryPoint","urlTemplate":"https:\/\/bischoff.kaleidoskop-websites.de\/?s={search_term_string}"},"query-input":{"@type":"PropertyValueSpecification","valueRequired":true,"valueName":"search_term_string"}}],"inLanguage":"de"},{"@type":"Organization","@id":"https:\/\/bischoff.kaleidoskop-websites.de\/#organization","name":"Bischoff Stein + Design","url":"https:\/\/bischoff.kaleidoskop-websites.de\/","logo":{"@type":"ImageObject","inLanguage":"de","@id":"https:\/\/bischoff.kaleidoskop-websites.de\/#\/schema\/logo\/image\/","url":"https:\/\/bischoff.kaleidoskop-websites.de\/wp-content\/uploads\/2023\/09\/bischoff_logo-300x82-1.png","contentUrl":"https:\/\/bischoff.kaleidoskop-websites.de\/wp-content\/uploads\/2023\/09\/bischoff_logo-300x82-1.png","width":300,"height":82,"caption":"Bischoff Stein + Design"},"image":{"@id":"https:\/\/bischoff.kaleidoskop-websites.de\/#\/schema\/logo\/image\/"},"sameAs":["https:\/\/www.facebook.com\/people\/Naturstein-lauffen\/61556244130719\/?_rdr","https:\/\/www.instagram.com\/naturstein.lauffen\/"]}]}},"_links":{"self":[{"href":"https:\/\/bischoff.kaleidoskop-websites.de\/index.php?rest_route=\/wp\/v2\/pages\/27","targetHints":{"allow":["GET"]}}],"collection":[{"href":"https:\/\/bischoff.kaleidoskop-websites.de\/index.php?rest_route=\/wp\/v2\/pages"}],"about":[{"href":"https:\/\/bischoff.kaleidoskop-websites.de\/index.php?rest_route=\/wp\/v2\/types\/page"}],"author":[{"embeddable":true,"href":"https:\/\/bischoff.kaleidoskop-websites.de\/index.php?rest_route=\/wp\/v2\/users\/1"}],"replies":[{"embeddable":true,"href":"https:\/\/bischoff.kaleidoskop-websites.de\/index.php?rest_route=%2Fwp%2Fv2%2Fcomments&post=27"}],"version-history":[{"count":10,"href":"https:\/\/bischoff.kaleidoskop-websites.de\/index.php?rest_route=\/wp\/v2\/pages\/27\/revisions"}],"predecessor-version":[{"id":946,"href":"https:\/\/bischoff.kaleidoskop-websites.de\/index.php?rest_route=\/wp\/v2\/pages\/27\/revisions\/946"}],"wp:attachment":[{"href":"https:\/\/bischoff.kaleidoskop-websites.de\/index.php?rest_route=%2Fwp%2Fv2%2Fmedia&parent=27"}],"curies":[{"name":"wp","href":"https:\/\/api.w.org\/{rel}","templated":true}]}}